{"id":583,"date":"2016-08-30T10:26:23","date_gmt":"2016-08-30T10:26:23","guid":{"rendered":"https:\/\/tpm-gourmet.com\/?page_id=583"},"modified":"2022-09-29T06:15:20","modified_gmt":"2022-09-29T06:15:20","slug":"quienes-somos","status":"publish","type":"page","link":"https:\/\/tpm-gourmet.com\/?page_id=583","title":{"rendered":"Qui\u00e9nes somos"},"content":{"rendered":"<p>[vc_row css=\u00bb.vc_custom_1477305007468{padding-top: 100px !important;}\u00bb][vc_column offset=\u00bbvc_col-lg-offset-2 vc_col-lg-8 vc_col-md-offset-0 vc_col-md-12&#8243;][vc_empty_space height=\u00bb128px\u00bb][insight_title sub_title_enable=\u00bbyes\u00bb separator_enable=\u00bbyes\u00bb title=\u00bbTPM Gourmet\u00bb sub_title=\u00bbqui\u00e9nes somos\u00bb][vc_custom_heading text=\u00bbVocaci\u00f3n de servicio y calidad. Dos valores arraigados a la filosof\u00eda empresarial de TPM Gourmet. Desde nuestra sede en la ciudad de Castell\u00f3n, distribuimos productos de alimentaci\u00f3n para el canal HORECA. D\u00eda a d\u00eda nos esforzarnos en conocer y satisfacer las necesidades de nuestros clientes, ofertando productos de primeras marcas y de elaboracio\u0301n propia. Un trato cercano, la profesionalidad y nuestra flexibilidad ha sido clave para que establecimientos de toda la provincia nos concedan su reconocimiento y depositen su confianza en el servicio que les prestamos.\u00bb font_container=\u00bbtag:div|text_align:center\u00bb font_weight=\u00bb\u00bb][\/vc_column][\/vc_row][vc_row css=\u00bb.vc_custom_1477306565465{margin-bottom: 100px !important;}\u00bb][vc_column][vc_single_image image=\u00bb585&#8243; img_size=\u00bbfull\u00bb alignment=\u00bbcenter\u00bb][\/vc_column][\/vc_row]<\/p>\n","protected":false},"excerpt":{"rendered":"<p>[vc_row css=\u00bb.vc_custom_1477305007468{padding-top: 100px !important;}\u00bb][vc_column offset=\u00bbvc_col-lg-offset-2 vc_col-lg-8 vc_col-md-offset-0 vc_col-md-12&#8243;][vc_empty_space height=\u00bb128px\u00bb][insight_title sub_title_enable=\u00bbyes\u00bb separator_enable=\u00bbyes\u00bb title=\u00bbTPM Gourmet\u00bb sub_title=\u00bbqui\u00e9nes somos\u00bb][vc_custom_heading text=\u00bbVocaci\u00f3n de servicio y calidad. Dos valores arraigados a la filosof\u00eda empresarial de TPM Gourmet. Desde nuestra sede en la ciudad de Castell\u00f3n, distribuimos productos de alimentaci\u00f3n para el canal HORECA. D\u00eda a d\u00eda nos esforzarnos en conocer y satisfacer&#8230;<\/p>\n","protected":false},"author":1,"featured_media":0,"parent":0,"menu_order":0,"comment_status":"closed","ping_status":"closed","template":"","meta":{"footnotes":""},"class_list":["post-583","page","type-page","status-publish","hentry"],"_links":{"self":[{"href":"https:\/\/tpm-gourmet.com\/index.php?rest_route=\/wp\/v2\/pages\/583","targetHints":{"allow":["GET"]}}],"collection":[{"href":"https:\/\/tpm-gourmet.com\/index.php?rest_route=\/wp\/v2\/pages"}],"about":[{"href":"https:\/\/tpm-gourmet.com\/index.php?rest_route=\/wp\/v2\/types\/page"}],"author":[{"embeddable":true,"href":"https:\/\/tpm-gourmet.com\/index.php?rest_route=\/wp\/v2\/users\/1"}],"replies":[{"embeddable":true,"href":"https:\/\/tpm-gourmet.com\/index.php?rest_route=%2Fwp%2Fv2%2Fcomments&post=583"}],"version-history":[{"count":8,"href":"https:\/\/tpm-gourmet.com\/index.php?rest_route=\/wp\/v2\/pages\/583\/revisions"}],"predecessor-version":[{"id":2668,"href":"https:\/\/tpm-gourmet.com\/index.php?rest_route=\/wp\/v2\/pages\/583\/revisions\/2668"}],"wp:attachment":[{"href":"https:\/\/tpm-gourmet.com\/index.php?rest_route=%2Fwp%2Fv2%2Fmedia&parent=583"}],"curies":[{"name":"wp","href":"https:\/\/api.w.org\/{rel}","templated":true}]}}